{"id":42988,"date":"2025-12-04T03:43:06","date_gmt":"2025-12-04T03:43:06","guid":{"rendered":"https:\/\/queenston.net\/?post_type=product&#038;p=42988"},"modified":"2026-01-26T20:08:52","modified_gmt":"2026-01-26T20:08:52","slug":"mb-1233","status":"publish","type":"product","link":"https:\/\/queenston.net\/fr\/produit\/mb-1233\/","title":{"rendered":"MB-1233"},"content":{"rendered":"<p>L\u2019acc\u00e8s aux informations financi\u00e8res est r\u00e9serv\u00e9 aux acqu\u00e9reurs s\u00e9rieux. Un frais d\u2019acc\u00e8s non remboursable est exig\u00e9 avant la signature des ententes de confidentialit\u00e9 et d\u2019honoraires. Ce frais a pour objectif de confirmer votre engagement et de r\u00e9server l\u2019un des cinq si\u00e8ges disponibles pour les acqu\u00e9reurs potentiels qualifi\u00e9s. Cette approche nous permet de concentrer nos efforts sur des candidats motiv\u00e9s, d\u2019assurer une exp\u00e9rience fluide\npour le vendeur et d\u2019offrir aux acqu\u00e9reurs un acc\u00e8s privil\u00e9gi\u00e9 \u00e0 des opportunit\u00e9s cibl\u00e9es dans un cadre structur\u00e9.<\/p>","protected":false},"excerpt":{"rendered":"<p>Access to financial information is reserved for serious buyers. A non-refundable access fee is required prior to signing the confidentiality and fee agreements. This fee serves to confirm your commitment and to secure one of the five available seats for qualified potential buyers. This approach allows us to focus our efforts on motivated candidates, ensure [&hellip;]<\/p>\n","protected":false},"featured_media":43004,"comment_status":"closed","ping_status":"closed","template":"","meta":{"site-sidebar-layout":"default","site-content-layout":"","ast-site-content-layout":"default","site-content-style":"default","site-sidebar-style":"default","ast-global-header-display":"","ast-banner-title-visibility":"","ast-main-header-display":"","ast-hfb-above-header-display":"","ast-hfb-below-header-display":"","ast-hfb-mobile-header-display":"","site-post-title":"","ast-breadcrumbs-content":"","ast-featured-img":"","footer-sml-layout":"","ast-disable-related-posts":"","theme-transparent-header-meta":"default","adv-header-id-meta":"","stick-header-meta":"default","header-above-stick-meta":"","header-main-stick-meta":"","header-below-stick-meta":"","astra-migrate-meta-layouts":"set","ast-page-background-enabled":"default","ast-page-background-meta":{"desktop":{"background-color":"","background-image":"","background-repeat":"repeat","background-position":"center center","background-size":"auto","background-attachment":"scroll","background-type":"","background-media":"","overlay-type":"","overlay-color":"","overlay-opacity":"","overlay-gradient":""},"tablet":{"background-color":"","background-image":"","background-repeat":"repeat","background-position":"center center","background-size":"auto","background-attachment":"scroll","background-type":"","background-media":"","overlay-type":"","overlay-color":"","overlay-opacity":"","overlay-gradient":""},"mobile":{"background-color":"","background-image":"","background-repeat":"repeat","background-position":"center center","background-size":"auto","background-attachment":"scroll","background-type":"","background-media":"","overlay-type":"","overlay-color":"","overlay-opacity":"","overlay-gradient":""}},"ast-content-background-meta":{"desktop":{"background-color":"var(--ast-global-color-5)","background-image":"","background-repeat":"repeat","background-position":"center center","background-size":"auto","background-attachment":"scroll","background-type":"","background-media":"","overlay-type":"","overlay-color":"","overlay-opacity":"","overlay-gradient":""},"tablet":{"background-color":"var(--ast-global-color-5)","background-image":"","background-repeat":"repeat","background-position":"center center","background-size":"auto","background-attachment":"scroll","background-type":"","background-media":"","overlay-type":"","overlay-color":"","overlay-opacity":"","overlay-gradient":""},"mobile":{"background-color":"var(--ast-global-color-5)","background-image":"","background-repeat":"repeat","background-position":"center center","background-size":"auto","background-attachment":"scroll","background-type":"","background-media":"","overlay-type":"","overlay-color":"","overlay-opacity":"","overlay-gradient":""}}},"product_brand":[],"product_cat":[83],"product_tag":[],"class_list":{"0":"post-42988","1":"product","2":"type-product","3":"status-publish","4":"has-post-thumbnail","6":"product_cat-termsheets","7":"desktop-align-left","8":"tablet-align-left","9":"mobile-align-left","10":"ast-product-gallery-layout-horizontal-slider","11":"ast-magnify-disabled","12":"ast-product-tabs-layout-horizontal","14":"first","15":"instock","16":"downloadable","17":"virtual","18":"taxable","19":"product-type-simple"},"bundled_by":[],"bundle_stock_status":"instock","bundle_stock_quantity":7,"bundle_virtual":false,"bundle_layout":"","bundle_add_to_cart_form_location":"","bundle_editable_in_cart":false,"bundle_sold_individually_context":"","bundle_item_grouping":"","bundle_min_size":"","bundle_max_size":"","bundle_price":[],"bundled_items":[],"bundle_sell_ids":[],"_links":{"self":[{"href":"https:\/\/queenston.net\/fr\/wp-json\/wp\/v2\/product\/42988","targetHints":{"allow":["GET"]}}],"collection":[{"href":"https:\/\/queenston.net\/fr\/wp-json\/wp\/v2\/product"}],"about":[{"href":"https:\/\/queenston.net\/fr\/wp-json\/wp\/v2\/types\/product"}],"replies":[{"embeddable":true,"href":"https:\/\/queenston.net\/fr\/wp-json\/wp\/v2\/comments?post=42988"}],"version-history":[{"count":0,"href":"https:\/\/queenston.net\/fr\/wp-json\/wp\/v2\/product\/42988\/revisions"}],"wp:featuredmedia":[{"embeddable":true,"href":"https:\/\/queenston.net\/fr\/wp-json\/wp\/v2\/media\/43004"}],"wp:attachment":[{"href":"https:\/\/queenston.net\/fr\/wp-json\/wp\/v2\/media?parent=42988"}],"wp:term":[{"taxonomy":"product_brand","embeddable":true,"href":"https:\/\/queenston.net\/fr\/wp-json\/wp\/v2\/product_brand?post=42988"},{"taxonomy":"product_cat","embeddable":true,"href":"https:\/\/queenston.net\/fr\/wp-json\/wp\/v2\/product_cat?post=42988"},{"taxonomy":"product_tag","embeddable":true,"href":"https:\/\/queenston.net\/fr\/wp-json\/wp\/v2\/product_tag?post=42988"}],"curies":[{"name":"wp","href":"https:\/\/api.w.org\/{rel}","templated":true}]}}