{"id":42203,"date":"2025-05-16T19:58:58","date_gmt":"2025-05-16T19:58:58","guid":{"rendered":"https:\/\/queenston.net\/?post_type=product&#038;p=42203"},"modified":"2026-01-26T20:10:13","modified_gmt":"2026-01-26T20:10:13","slug":"sk-441","status":"publish","type":"product","link":"https:\/\/queenston.net\/fr\/produit\/sk-441\/","title":{"rendered":"SK-441"},"content":{"rendered":"<p>English: To access the financial analysis prepared by Queenston, a fee is required after the signing of the<br \/>\nconfidentiality and fee agreements. This fee is non-refundable. Subsequently, a fee is required to submit a<br \/>\nletter of intent. This latter amount is credited against our fees if you are the selected buyer. In the event that<br \/>\nyou are not selected, the fee remains credited for 12 months against any future transaction finalized with<br \/>\nQueenston. To proceed with the purchase process, please email us to request the confidentiality agreement<br \/>\nand Queenston&#8217;s fee agreement for electronic signature.<\/p>\n<p>French: Pour acc\u00e9der \u00e0 l&#8217;analyse financi\u00e8re pr\u00e9par\u00e9e par Queenston, un frais est exigible apr\u00e8s la signature<br \/>\nde l&#8217;entente de confidentialit\u00e9 et de nos honoraires. Ce frais est nom-remboursable. Par la suite, un frais est<br \/>\nrequis pour d\u00e9poser une lettre d&#8217;intention. Ce dernier montant est cr\u00e9dit\u00e9 contre nos honoraires, si vous \u00eates<br \/>\nl&#8217;acheteur s\u00e9lectionn\u00e9. Dans le cas o\u00f9 vous ne seriez pas s\u00e9lectionn\u00e9, le frais restera cr\u00e9ditable pendant 12<br \/>\nmois contre toute transaction future finalis\u00e9e avec Queenston. Pour poursuivre le processus d&#8217;achat, veuillez<br \/>\nnous envoyer un courriel pour demander l&#8217;accord de confidentialit\u00e9 et la convention d&#8217;honoraires de<br \/>\nQueenston pour signature \u00e9lectronique.<\/p>","protected":false},"excerpt":{"rendered":"<p>English: To access the financial analysis prepared by Queenston, a fee is required after the signing of the confidentiality and fee agreements. This fee is non-refundable. Subsequently, a fee is required to submit a letter of intent. This latter amount is credited against our fees if you are the selected buyer. In the event that [&hellip;]<\/p>\n","protected":false},"featured_media":42205,"comment_status":"closed","ping_status":"closed","template":"","meta":{"site-sidebar-layout":"default","site-content-layout":"","ast-site-content-layout":"default","site-content-style":"default","site-sidebar-style":"default","ast-global-header-display":"","ast-banner-title-visibility":"","ast-main-header-display":"","ast-hfb-above-header-display":"","ast-hfb-below-header-display":"","ast-hfb-mobile-header-display":"","site-post-title":"","ast-breadcrumbs-content":"","ast-featured-img":"","footer-sml-layout":"","ast-disable-related-posts":"","theme-transparent-header-meta":"default","adv-header-id-meta":"","stick-header-meta":"default","header-above-stick-meta":"","header-main-stick-meta":"","header-below-stick-meta":"","astra-migrate-meta-layouts":"set","ast-page-background-enabled":"default","ast-page-background-meta":{"desktop":{"background-color":"","background-image":"","background-repeat":"repeat","background-position":"center center","background-size":"auto","background-attachment":"scroll","background-type":"","background-media":"","overlay-type":"","overlay-color":"","overlay-opacity":"","overlay-gradient":""},"tablet":{"background-color":"","background-image":"","background-repeat":"repeat","background-position":"center center","background-size":"auto","background-attachment":"scroll","background-type":"","background-media":"","overlay-type":"","overlay-color":"","overlay-opacity":"","overlay-gradient":""},"mobile":{"background-color":"","background-image":"","background-repeat":"repeat","background-position":"center center","background-size":"auto","background-attachment":"scroll","background-type":"","background-media":"","overlay-type":"","overlay-color":"","overlay-opacity":"","overlay-gradient":""}},"ast-content-background-meta":{"desktop":{"background-color":"var(--ast-global-color-5)","background-image":"","background-repeat":"repeat","background-position":"center center","background-size":"auto","background-attachment":"scroll","background-type":"","background-media":"","overlay-type":"","overlay-color":"","overlay-opacity":"","overlay-gradient":""},"tablet":{"background-color":"var(--ast-global-color-5)","background-image":"","background-repeat":"repeat","background-position":"center center","background-size":"auto","background-attachment":"scroll","background-type":"","background-media":"","overlay-type":"","overlay-color":"","overlay-opacity":"","overlay-gradient":""},"mobile":{"background-color":"var(--ast-global-color-5)","background-image":"","background-repeat":"repeat","background-position":"center center","background-size":"auto","background-attachment":"scroll","background-type":"","background-media":"","overlay-type":"","overlay-color":"","overlay-opacity":"","overlay-gradient":""}}},"product_brand":[],"product_cat":[83],"product_tag":[],"class_list":{"0":"post-42203","1":"product","2":"type-product","3":"status-publish","4":"has-post-thumbnail","6":"product_cat-termsheets","7":"desktop-align-left","8":"tablet-align-left","9":"mobile-align-left","10":"ast-product-gallery-layout-horizontal-slider","11":"ast-product-gallery-with-no-image","12":"ast-magnify-disabled","13":"ast-product-tabs-layout-horizontal","15":"first","16":"instock","17":"downloadable","18":"virtual","19":"taxable","20":"product-type-simple"},"bundled_by":[],"bundle_stock_status":"instock","bundle_stock_quantity":1,"bundle_virtual":false,"bundle_layout":"","bundle_add_to_cart_form_location":"","bundle_editable_in_cart":false,"bundle_sold_individually_context":"","bundle_item_grouping":"","bundle_min_size":"","bundle_max_size":"","bundle_price":[],"bundled_items":[],"bundle_sell_ids":[],"_links":{"self":[{"href":"https:\/\/queenston.net\/fr\/wp-json\/wp\/v2\/product\/42203","targetHints":{"allow":["GET"]}}],"collection":[{"href":"https:\/\/queenston.net\/fr\/wp-json\/wp\/v2\/product"}],"about":[{"href":"https:\/\/queenston.net\/fr\/wp-json\/wp\/v2\/types\/product"}],"replies":[{"embeddable":true,"href":"https:\/\/queenston.net\/fr\/wp-json\/wp\/v2\/comments?post=42203"}],"version-history":[{"count":0,"href":"https:\/\/queenston.net\/fr\/wp-json\/wp\/v2\/product\/42203\/revisions"}],"wp:featuredmedia":[{"embeddable":true,"href":"https:\/\/queenston.net\/fr\/wp-json\/wp\/v2\/media\/42205"}],"wp:attachment":[{"href":"https:\/\/queenston.net\/fr\/wp-json\/wp\/v2\/media?parent=42203"}],"wp:term":[{"taxonomy":"product_brand","embeddable":true,"href":"https:\/\/queenston.net\/fr\/wp-json\/wp\/v2\/product_brand?post=42203"},{"taxonomy":"product_cat","embeddable":true,"href":"https:\/\/queenston.net\/fr\/wp-json\/wp\/v2\/product_cat?post=42203"},{"taxonomy":"product_tag","embeddable":true,"href":"https:\/\/queenston.net\/fr\/wp-json\/wp\/v2\/product_tag?post=42203"}],"curies":[{"name":"wp","href":"https:\/\/api.w.org\/{rel}","templated":true}]}}