{"id":41775,"date":"2025-02-10T23:15:05","date_gmt":"2025-02-10T23:15:05","guid":{"rendered":"https:\/\/queenston.net\/?post_type=product&#038;p=41775"},"modified":"2025-10-30T18:59:03","modified_gmt":"2025-10-30T18:59:03","slug":"qc101-d","status":"publish","type":"product","link":"https:\/\/queenston.net\/fr\/produit\/qc101-d\/","title":{"rendered":"QC101-D"},"content":{"rendered":"<p><span style=\"color: #000080;\"><strong>INFORMATION SUR LA LIASSE DE PRODUITS QC101-A :<\/strong><\/span><\/p>\n<ul>\n<li><span style=\"color: #000000;\">PLUS DE 300 NOMS POUR PROSPECTER<\/span><\/li>\n<li><span style=\"color: #000000;\">AUCUN RENOUVELLEMENT<\/span><\/li>\n<li><span style=\"color: #000000;\">5,000$ POUR CES NOMS, FINANC\u00c9 SUR 3 ANS \u00c0 UN TAUX D'INT\u00c9R\u00caT COMP\u00c9TITF.<\/span><\/li>\n<li><span style=\"color: #000000;\">TOUTES LES INFORMATIONS REQUISES POUR REJOINDRE LES CLIENTS<\/span><\/li>\n<\/ul>\n<p><span style=\"color: #000000;\"><strong>AGENT G\u00c9N\u00c9RAL OFFRANT :<\/strong><\/span><\/p>\n<ul>\n<li><span style=\"color: #000000;\">Achat de client\u00e8le<\/span><\/li>\n<li><span style=\"color: #000000;\">Financement garanti<\/span><\/li>\n<li><span style=\"color: #000000;\">Bonification ultra comp\u00e9titve<\/span><\/li>\n<li><span style=\"color: #000000;\">Doit \u00eatre avec l'agent g\u00e9n\u00e9ral absolument<\/span><\/li>\n<li><span style=\"color: #000000;\">Coaching de plan d'affaires<\/span><\/li>\n<li><span style=\"color: #000000;\">Et encore plus.<\/span><\/li>\n<\/ul>\n<p><strong>\u00c0 ne pas manquer.<\/strong><\/p>","protected":false},"excerpt":{"rendered":"<p>PRODUCT INFORMATION QC101-A : OVER 300 NAMES FOR PROSPECTING NO RENEWALS 5,000 FOR THESE NAMES, FINANCED OVER 3 YEARS AT A COMPETITIVE INTEREST RATE. ALL INFORMATION REQUIRED TO REACH CUSTOMERS GENERAL AGENT OFFERING : Purchase of clientele Guaranteed financing Ultra-competitive bonus Must be with general agent Business plan coaching And much more. Not to be [&hellip;]<\/p>\n","protected":false},"featured_media":29904,"comment_status":"closed","ping_status":"closed","template":"","meta":{"site-sidebar-layout":"default","site-content-layout":"","ast-site-content-layout":"default","site-content-style":"default","site-sidebar-style":"default","ast-global-header-display":"","ast-banner-title-visibility":"","ast-main-header-display":"","ast-hfb-above-header-display":"","ast-hfb-below-header-display":"","ast-hfb-mobile-header-display":"","site-post-title":"","ast-breadcrumbs-content":"","ast-featured-img":"","footer-sml-layout":"","ast-disable-related-posts":"","theme-transparent-header-meta":"default","adv-header-id-meta":"","stick-header-meta":"default","header-above-stick-meta":"","header-main-stick-meta":"","header-below-stick-meta":"","astra-migrate-meta-layouts":"set","ast-page-background-enabled":"default","ast-page-background-meta":{"desktop":{"background-color":"","background-image":"","background-repeat":"repeat","background-position":"center center","background-size":"auto","background-attachment":"scroll","background-type":"","background-media":"","overlay-type":"","overlay-color":"","overlay-opacity":"","overlay-gradient":""},"tablet":{"background-color":"","background-image":"","background-repeat":"repeat","background-position":"center center","background-size":"auto","background-attachment":"scroll","background-type":"","background-media":"","overlay-type":"","overlay-color":"","overlay-opacity":"","overlay-gradient":""},"mobile":{"background-color":"","background-image":"","background-repeat":"repeat","background-position":"center center","background-size":"auto","background-attachment":"scroll","background-type":"","background-media":"","overlay-type":"","overlay-color":"","overlay-opacity":"","overlay-gradient":""}},"ast-content-background-meta":{"desktop":{"background-color":"var(--ast-global-color-5)","background-image":"","background-repeat":"repeat","background-position":"center center","background-size":"auto","background-attachment":"scroll","background-type":"","background-media":"","overlay-type":"","overlay-color":"","overlay-opacity":"","overlay-gradient":""},"tablet":{"background-color":"var(--ast-global-color-5)","background-image":"","background-repeat":"repeat","background-position":"center center","background-size":"auto","background-attachment":"scroll","background-type":"","background-media":"","overlay-type":"","overlay-color":"","overlay-opacity":"","overlay-gradient":""},"mobile":{"background-color":"var(--ast-global-color-5)","background-image":"","background-repeat":"repeat","background-position":"center center","background-size":"auto","background-attachment":"scroll","background-type":"","background-media":"","overlay-type":"","overlay-color":"","overlay-opacity":"","overlay-gradient":""}}},"product_brand":[],"product_cat":[82],"product_tag":[],"class_list":{"0":"post-41775","1":"product","2":"type-product","3":"status-publish","4":"has-post-thumbnail","6":"product_cat-bundle","7":"desktop-align-left","8":"tablet-align-left","9":"mobile-align-left","10":"ast-product-gallery-layout-horizontal-slider","11":"ast-product-gallery-with-no-image","12":"ast-magnify-disabled","13":"ast-product-tabs-layout-horizontal","15":"first","16":"instock","17":"taxable","18":"shipping-taxable","19":"purchasable","20":"product-type-simple"},"bundled_by":[],"bundle_stock_status":"instock","bundle_stock_quantity":1,"bundle_virtual":false,"bundle_layout":"","bundle_add_to_cart_form_location":"","bundle_editable_in_cart":false,"bundle_sold_individually_context":"","bundle_item_grouping":"","bundle_min_size":"","bundle_max_size":"","bundle_price":[],"bundled_items":[],"bundle_sell_ids":[],"_links":{"self":[{"href":"https:\/\/queenston.net\/fr\/wp-json\/wp\/v2\/product\/41775","targetHints":{"allow":["GET"]}}],"collection":[{"href":"https:\/\/queenston.net\/fr\/wp-json\/wp\/v2\/product"}],"about":[{"href":"https:\/\/queenston.net\/fr\/wp-json\/wp\/v2\/types\/product"}],"replies":[{"embeddable":true,"href":"https:\/\/queenston.net\/fr\/wp-json\/wp\/v2\/comments?post=41775"}],"version-history":[{"count":0,"href":"https:\/\/queenston.net\/fr\/wp-json\/wp\/v2\/product\/41775\/revisions"}],"wp:featuredmedia":[{"embeddable":true,"href":"https:\/\/queenston.net\/fr\/wp-json\/wp\/v2\/media\/29904"}],"wp:attachment":[{"href":"https:\/\/queenston.net\/fr\/wp-json\/wp\/v2\/media?parent=41775"}],"wp:term":[{"taxonomy":"product_brand","embeddable":true,"href":"https:\/\/queenston.net\/fr\/wp-json\/wp\/v2\/product_brand?post=41775"},{"taxonomy":"product_cat","embeddable":true,"href":"https:\/\/queenston.net\/fr\/wp-json\/wp\/v2\/product_cat?post=41775"},{"taxonomy":"product_tag","embeddable":true,"href":"https:\/\/queenston.net\/fr\/wp-json\/wp\/v2\/product_tag?post=41775"}],"curies":[{"name":"wp","href":"https:\/\/api.w.org\/{rel}","templated":true}]}}