{"id":35245,"date":"2024-11-06T20:09:23","date_gmt":"2024-11-06T20:09:23","guid":{"rendered":"https:\/\/queenston.net\/?post_type=product&#038;p=35245"},"modified":"2025-07-07T13:34:10","modified_gmt":"2025-07-07T13:34:10","slug":"qc4602","status":"publish","type":"product","link":"https:\/\/queenston.net\/fr\/produit\/qc4602\/","title":{"rendered":"QC4602"},"content":{"rendered":"<p>Nous vous proposons une occasion int\u00e9ressante d\u2019acqu\u00e9rir un portefeuille de contrats de Canada Vie, anciennement Great West, avec renouvellement garanti. Ce bloc d&#8217;affaires repr\u00e9sente un potentiel significatif, \u00e9tant donn\u00e9 qu&#8217;il n&#8217;a pas \u00e9t\u00e9 exploit\u00e9 au cours des derni\u00e8res ann\u00e9es. Le portefeuille offre des opportunit\u00e9s notables dans les domaines des fonds d&#8217;investissement et de la couverture pour maladies critiques. Le propri\u00e9taire actuel c\u00e8de ces contrats afin d\u2019assurer que les clients continuent \u00e0 b\u00e9n\u00e9ficier de services de qualit\u00e9. C\u2019est une opportunit\u00e9 \u00e0 ne pas manquer pour d\u00e9velopper et valoriser ce portefeuille prometteur.<\/p>","protected":false},"excerpt":{"rendered":"<p>Nous vous proposons une occasion int\u00e9ressante d\u2019acqu\u00e9rir un portefeuille de contrats de Canada Vie, anciennement Great West, avec renouvellement garanti. Ce bloc d&#8217;affaires repr\u00e9sente un potentiel significatif, \u00e9tant donn\u00e9 qu&#8217;il n&#8217;a pas \u00e9t\u00e9 exploit\u00e9 au cours des derni\u00e8res ann\u00e9es. Le portefeuille offre des opportunit\u00e9s notables dans les domaines des fonds d&#8217;investissement et de la couverture [&hellip;]<\/p>\n","protected":false},"featured_media":42004,"comment_status":"closed","ping_status":"closed","template":"","meta":{"site-sidebar-layout":"default","site-content-layout":"","ast-site-content-layout":"default","site-content-style":"default","site-sidebar-style":"default","ast-global-header-display":"","ast-banner-title-visibility":"","ast-main-header-display":"","ast-hfb-above-header-display":"","ast-hfb-below-header-display":"","ast-hfb-mobile-header-display":"","site-post-title":"","ast-breadcrumbs-content":"","ast-featured-img":"","footer-sml-layout":"","ast-disable-related-posts":"","theme-transparent-header-meta":"default","adv-header-id-meta":"","stick-header-meta":"default","header-above-stick-meta":"","header-main-stick-meta":"","header-below-stick-meta":"","astra-migrate-meta-layouts":"set","ast-page-background-enabled":"default","ast-page-background-meta":{"desktop":{"background-color":"","background-image":"","background-repeat":"repeat","background-position":"center center","background-size":"auto","background-attachment":"scroll","background-type":"","background-media":"","overlay-type":"","overlay-color":"","overlay-opacity":"","overlay-gradient":""},"tablet":{"background-color":"","background-image":"","background-repeat":"repeat","background-position":"center center","background-size":"auto","background-attachment":"scroll","background-type":"","background-media":"","overlay-type":"","overlay-color":"","overlay-opacity":"","overlay-gradient":""},"mobile":{"background-color":"","background-image":"","background-repeat":"repeat","background-position":"center center","background-size":"auto","background-attachment":"scroll","background-type":"","background-media":"","overlay-type":"","overlay-color":"","overlay-opacity":"","overlay-gradient":""}},"ast-content-background-meta":{"desktop":{"background-color":"var(--ast-global-color-5)","background-image":"","background-repeat":"repeat","background-position":"center center","background-size":"auto","background-attachment":"scroll","background-type":"","background-media":"","overlay-type":"","overlay-color":"","overlay-opacity":"","overlay-gradient":""},"tablet":{"background-color":"var(--ast-global-color-5)","background-image":"","background-repeat":"repeat","background-position":"center center","background-size":"auto","background-attachment":"scroll","background-type":"","background-media":"","overlay-type":"","overlay-color":"","overlay-opacity":"","overlay-gradient":""},"mobile":{"background-color":"var(--ast-global-color-5)","background-image":"","background-repeat":"repeat","background-position":"center center","background-size":"auto","background-attachment":"scroll","background-type":"","background-media":"","overlay-type":"","overlay-color":"","overlay-opacity":"","overlay-gradient":""}}},"product_brand":[],"product_cat":[83],"product_tag":[],"class_list":{"0":"post-35245","1":"product","2":"type-product","3":"status-publish","4":"has-post-thumbnail","6":"product_cat-termsheets","7":"desktop-align-left","8":"tablet-align-left","9":"mobile-align-left","10":"ast-product-gallery-layout-horizontal-slider","11":"ast-magnify-disabled","12":"ast-product-tabs-layout-horizontal","14":"first","15":"outofstock","16":"downloadable","17":"virtual","18":"taxable","19":"product-type-simple"},"bundled_by":[],"bundle_stock_status":"outofstock","bundle_stock_quantity":null,"bundle_virtual":false,"bundle_layout":"","bundle_add_to_cart_form_location":"","bundle_editable_in_cart":false,"bundle_sold_individually_context":"","bundle_item_grouping":"","bundle_min_size":"","bundle_max_size":"","bundle_price":[],"bundled_items":[],"bundle_sell_ids":[],"_links":{"self":[{"href":"https:\/\/queenston.net\/fr\/wp-json\/wp\/v2\/product\/35245","targetHints":{"allow":["GET"]}}],"collection":[{"href":"https:\/\/queenston.net\/fr\/wp-json\/wp\/v2\/product"}],"about":[{"href":"https:\/\/queenston.net\/fr\/wp-json\/wp\/v2\/types\/product"}],"replies":[{"embeddable":true,"href":"https:\/\/queenston.net\/fr\/wp-json\/wp\/v2\/comments?post=35245"}],"version-history":[{"count":0,"href":"https:\/\/queenston.net\/fr\/wp-json\/wp\/v2\/product\/35245\/revisions"}],"wp:featuredmedia":[{"embeddable":true,"href":"https:\/\/queenston.net\/fr\/wp-json\/wp\/v2\/media\/42004"}],"wp:attachment":[{"href":"https:\/\/queenston.net\/fr\/wp-json\/wp\/v2\/media?parent=35245"}],"wp:term":[{"taxonomy":"product_brand","embeddable":true,"href":"https:\/\/queenston.net\/fr\/wp-json\/wp\/v2\/product_brand?post=35245"},{"taxonomy":"product_cat","embeddable":true,"href":"https:\/\/queenston.net\/fr\/wp-json\/wp\/v2\/product_cat?post=35245"},{"taxonomy":"product_tag","embeddable":true,"href":"https:\/\/queenston.net\/fr\/wp-json\/wp\/v2\/product_tag?post=35245"}],"curies":[{"name":"wp","href":"https:\/\/api.w.org\/{rel}","templated":true}]}}