{"id":35151,"date":"2024-11-06T05:21:58","date_gmt":"2024-11-06T05:21:58","guid":{"rendered":"https:\/\/queenston.net\/?post_type=product&#038;p=35151"},"modified":"2025-07-07T13:35:34","modified_gmt":"2025-07-07T13:35:34","slug":"qc2020","status":"publish","type":"product","link":"https:\/\/queenston.net\/fr\/produit\/qc2020\/","title":{"rendered":"QC2020"},"content":{"rendered":"<p>Comme on dit souvent : \u00ab Dans les p&#8217;tits pots, les meilleurs onguents \u00bb. C&#8217;est exactement ce qui d\u00e9crit cette pratique professionnelle. Ce conseiller aimerait prendre une semi-retraite, en demeurant actif avec l&#8217;acqu\u00e9reur. Sa force, le d\u00e9veloppement des affaires. Il a vendu la majorit\u00e9 de ses affaires en 2016. Pensant qu&#8217;il appr\u00e9cierait \u00eatre au golf quotidiennement, il recommence une nouvelle pratique professionnelle. Ce nouvel actif sous gestion a \u00e9t\u00e9 cumul\u00e9 en quelques ann\u00e9es seulement. Uniquement, avec des fonds distincts, il est tr\u00e8s facile pour l&#8217;acqu\u00e9reur de transf\u00e9rer l&#8217;actif. En plus, ce conseiller d\u00e9sire rester quelques ann\u00e9es pour continuer \u00e0 d\u00e9velopper des affaires, tout en contribuant avec vous pour la r\u00e9tention des affaires vendues.q<\/p>","protected":false},"excerpt":{"rendered":"<p>Comme on dit souvent : \u00ab Dans les p&#8217;tits pots, les meilleurs onguents \u00bb. C&#8217;est exactement ce qui d\u00e9crit cette pratique professionnelle. Ce conseiller aimerait prendre une semi-retraite, en demeurant actif avec l&#8217;acqu\u00e9reur. Sa force, le d\u00e9veloppement des affaires. Il a vendu la majorit\u00e9 de ses affaires en 2016. Pensant qu&#8217;il appr\u00e9cierait \u00eatre au golf [&hellip;]<\/p>\n","protected":false},"featured_media":42353,"comment_status":"closed","ping_status":"closed","template":"","meta":{"site-sidebar-layout":"default","site-content-layout":"","ast-site-content-layout":"default","site-content-style":"default","site-sidebar-style":"default","ast-global-header-display":"","ast-banner-title-visibility":"","ast-main-header-display":"","ast-hfb-above-header-display":"","ast-hfb-below-header-display":"","ast-hfb-mobile-header-display":"","site-post-title":"","ast-breadcrumbs-content":"","ast-featured-img":"","footer-sml-layout":"","ast-disable-related-posts":"","theme-transparent-header-meta":"default","adv-header-id-meta":"","stick-header-meta":"default","header-above-stick-meta":"","header-main-stick-meta":"","header-below-stick-meta":"","astra-migrate-meta-layouts":"set","ast-page-background-enabled":"default","ast-page-background-meta":{"desktop":{"background-color":"","background-image":"","background-repeat":"repeat","background-position":"center center","background-size":"auto","background-attachment":"scroll","background-type":"","background-media":"","overlay-type":"","overlay-color":"","overlay-opacity":"","overlay-gradient":""},"tablet":{"background-color":"","background-image":"","background-repeat":"repeat","background-position":"center center","background-size":"auto","background-attachment":"scroll","background-type":"","background-media":"","overlay-type":"","overlay-color":"","overlay-opacity":"","overlay-gradient":""},"mobile":{"background-color":"","background-image":"","background-repeat":"repeat","background-position":"center center","background-size":"auto","background-attachment":"scroll","background-type":"","background-media":"","overlay-type":"","overlay-color":"","overlay-opacity":"","overlay-gradient":""}},"ast-content-background-meta":{"desktop":{"background-color":"var(--ast-global-color-5)","background-image":"","background-repeat":"repeat","background-position":"center center","background-size":"auto","background-attachment":"scroll","background-type":"","background-media":"","overlay-type":"","overlay-color":"","overlay-opacity":"","overlay-gradient":""},"tablet":{"background-color":"var(--ast-global-color-5)","background-image":"","background-repeat":"repeat","background-position":"center center","background-size":"auto","background-attachment":"scroll","background-type":"","background-media":"","overlay-type":"","overlay-color":"","overlay-opacity":"","overlay-gradient":""},"mobile":{"background-color":"var(--ast-global-color-5)","background-image":"","background-repeat":"repeat","background-position":"center center","background-size":"auto","background-attachment":"scroll","background-type":"","background-media":"","overlay-type":"","overlay-color":"","overlay-opacity":"","overlay-gradient":""}}},"product_brand":[],"product_cat":[83],"product_tag":[],"class_list":{"0":"post-35151","1":"product","2":"type-product","3":"status-publish","4":"has-post-thumbnail","6":"product_cat-termsheets","7":"desktop-align-left","8":"tablet-align-left","9":"mobile-align-left","10":"ast-product-gallery-layout-horizontal-slider","11":"ast-magnify-disabled","12":"ast-product-tabs-layout-horizontal","14":"first","15":"outofstock","16":"downloadable","17":"virtual","18":"taxable","19":"product-type-simple"},"bundled_by":[],"bundle_stock_status":"outofstock","bundle_stock_quantity":null,"bundle_virtual":false,"bundle_layout":"","bundle_add_to_cart_form_location":"","bundle_editable_in_cart":false,"bundle_sold_individually_context":"","bundle_item_grouping":"","bundle_min_size":"","bundle_max_size":"","bundle_price":[],"bundled_items":[],"bundle_sell_ids":[],"_links":{"self":[{"href":"https:\/\/queenston.net\/fr\/wp-json\/wp\/v2\/product\/35151","targetHints":{"allow":["GET"]}}],"collection":[{"href":"https:\/\/queenston.net\/fr\/wp-json\/wp\/v2\/product"}],"about":[{"href":"https:\/\/queenston.net\/fr\/wp-json\/wp\/v2\/types\/product"}],"replies":[{"embeddable":true,"href":"https:\/\/queenston.net\/fr\/wp-json\/wp\/v2\/comments?post=35151"}],"version-history":[{"count":0,"href":"https:\/\/queenston.net\/fr\/wp-json\/wp\/v2\/product\/35151\/revisions"}],"wp:featuredmedia":[{"embeddable":true,"href":"https:\/\/queenston.net\/fr\/wp-json\/wp\/v2\/media\/42353"}],"wp:attachment":[{"href":"https:\/\/queenston.net\/fr\/wp-json\/wp\/v2\/media?parent=35151"}],"wp:term":[{"taxonomy":"product_brand","embeddable":true,"href":"https:\/\/queenston.net\/fr\/wp-json\/wp\/v2\/product_brand?post=35151"},{"taxonomy":"product_cat","embeddable":true,"href":"https:\/\/queenston.net\/fr\/wp-json\/wp\/v2\/product_cat?post=35151"},{"taxonomy":"product_tag","embeddable":true,"href":"https:\/\/queenston.net\/fr\/wp-json\/wp\/v2\/product_tag?post=35151"}],"curies":[{"name":"wp","href":"https:\/\/api.w.org\/{rel}","templated":true}]}}