{"id":35132,"date":"2024-11-06T04:08:35","date_gmt":"2024-11-06T04:08:35","guid":{"rendered":"https:\/\/queenston.net\/?post_type=product&#038;p=35132"},"modified":"2025-10-23T20:11:28","modified_gmt":"2025-10-23T20:11:28","slug":"qc-1181","status":"publish","type":"product","link":"https:\/\/queenston.net\/fr\/produit\/qc-1181\/","title":{"rendered":"QC-1181"},"content":{"rendered":"<p>Ce conseiller souhaite vendre une portion de sa client\u00e8le, issue d\u2019une segmentation rigoureuse. Les clients, situ\u00e9s au Qu\u00e9bec, offrent un fort potentiel de d\u00e9veloppement.<\/p>\n<p>This advisor is selling part of their book, following a thorough segmentation. The Quebec-based clients offer strong growth potential.<\/p>","protected":false},"excerpt":{"rendered":"<p>Ce conseiller souhaite vendre une portion de sa client\u00e8le, issue d\u2019une segmentation rigoureuse. Les clients, situ\u00e9s au Qu\u00e9bec, offrent un fort potentiel de d\u00e9veloppement. This advisor is selling part of their book, following a thorough segmentation. The Quebec-based clients offer strong growth potential.<\/p>","protected":false},"featured_media":42490,"comment_status":"closed","ping_status":"closed","template":"","meta":{"site-sidebar-layout":"default","site-content-layout":"","ast-site-content-layout":"default","site-content-style":"default","site-sidebar-style":"default","ast-global-header-display":"","ast-banner-title-visibility":"","ast-main-header-display":"","ast-hfb-above-header-display":"","ast-hfb-below-header-display":"","ast-hfb-mobile-header-display":"","site-post-title":"","ast-breadcrumbs-content":"","ast-featured-img":"","footer-sml-layout":"","ast-disable-related-posts":"","theme-transparent-header-meta":"default","adv-header-id-meta":"","stick-header-meta":"default","header-above-stick-meta":"","header-main-stick-meta":"","header-below-stick-meta":"","astra-migrate-meta-layouts":"set","ast-page-background-enabled":"default","ast-page-background-meta":{"desktop":{"background-color":"","background-image":"","background-repeat":"repeat","background-position":"center center","background-size":"auto","background-attachment":"scroll","background-type":"","background-media":"","overlay-type":"","overlay-color":"","overlay-opacity":"","overlay-gradient":""},"tablet":{"background-color":"","background-image":"","background-repeat":"repeat","background-position":"center center","background-size":"auto","background-attachment":"scroll","background-type":"","background-media":"","overlay-type":"","overlay-color":"","overlay-opacity":"","overlay-gradient":""},"mobile":{"background-color":"","background-image":"","background-repeat":"repeat","background-position":"center center","background-size":"auto","background-attachment":"scroll","background-type":"","background-media":"","overlay-type":"","overlay-color":"","overlay-opacity":"","overlay-gradient":""}},"ast-content-background-meta":{"desktop":{"background-color":"var(--ast-global-color-5)","background-image":"","background-repeat":"repeat","background-position":"center center","background-size":"auto","background-attachment":"scroll","background-type":"","background-media":"","overlay-type":"","overlay-color":"","overlay-opacity":"","overlay-gradient":""},"tablet":{"background-color":"var(--ast-global-color-5)","background-image":"","background-repeat":"repeat","background-position":"center center","background-size":"auto","background-attachment":"scroll","background-type":"","background-media":"","overlay-type":"","overlay-color":"","overlay-opacity":"","overlay-gradient":""},"mobile":{"background-color":"var(--ast-global-color-5)","background-image":"","background-repeat":"repeat","background-position":"center center","background-size":"auto","background-attachment":"scroll","background-type":"","background-media":"","overlay-type":"","overlay-color":"","overlay-opacity":"","overlay-gradient":""}}},"product_brand":[],"product_cat":[83],"product_tag":[],"class_list":{"0":"post-35132","1":"product","2":"type-product","3":"status-publish","4":"has-post-thumbnail","6":"product_cat-termsheets","7":"desktop-align-left","8":"tablet-align-left","9":"mobile-align-left","10":"ast-product-gallery-layout-horizontal-slider","11":"ast-product-gallery-with-no-image","12":"ast-magnify-disabled","13":"ast-product-tabs-layout-horizontal","15":"first","16":"instock","17":"downloadable","18":"virtual","19":"taxable","20":"product-type-simple"},"bundled_by":[],"bundle_stock_status":"instock","bundle_stock_quantity":3,"bundle_virtual":false,"bundle_layout":"","bundle_add_to_cart_form_location":"","bundle_editable_in_cart":false,"bundle_sold_individually_context":"","bundle_item_grouping":"","bundle_min_size":"","bundle_max_size":"","bundle_price":[],"bundled_items":[],"bundle_sell_ids":[],"_links":{"self":[{"href":"https:\/\/queenston.net\/fr\/wp-json\/wp\/v2\/product\/35132","targetHints":{"allow":["GET"]}}],"collection":[{"href":"https:\/\/queenston.net\/fr\/wp-json\/wp\/v2\/product"}],"about":[{"href":"https:\/\/queenston.net\/fr\/wp-json\/wp\/v2\/types\/product"}],"replies":[{"embeddable":true,"href":"https:\/\/queenston.net\/fr\/wp-json\/wp\/v2\/comments?post=35132"}],"version-history":[{"count":0,"href":"https:\/\/queenston.net\/fr\/wp-json\/wp\/v2\/product\/35132\/revisions"}],"wp:featuredmedia":[{"embeddable":true,"href":"https:\/\/queenston.net\/fr\/wp-json\/wp\/v2\/media\/42490"}],"wp:attachment":[{"href":"https:\/\/queenston.net\/fr\/wp-json\/wp\/v2\/media?parent=35132"}],"wp:term":[{"taxonomy":"product_brand","embeddable":true,"href":"https:\/\/queenston.net\/fr\/wp-json\/wp\/v2\/product_brand?post=35132"},{"taxonomy":"product_cat","embeddable":true,"href":"https:\/\/queenston.net\/fr\/wp-json\/wp\/v2\/product_cat?post=35132"},{"taxonomy":"product_tag","embeddable":true,"href":"https:\/\/queenston.net\/fr\/wp-json\/wp\/v2\/product_tag?post=35132"}],"curies":[{"name":"wp","href":"https:\/\/api.w.org\/{rel}","templated":true}]}}