{"id":35128,"date":"2024-11-06T03:55:48","date_gmt":"2024-11-06T03:55:48","guid":{"rendered":"https:\/\/queenston.net\/?post_type=product&#038;p=35128"},"modified":"2025-11-20T21:28:24","modified_gmt":"2025-11-20T21:28:24","slug":"qc1175","status":"publish","type":"product","link":"https:\/\/queenston.net\/fr\/produit\/qc1175\/","title":{"rendered":"QC1175 &#8211; SOLD"},"content":{"rendered":"<p>Conseiller en s\u00e9curit\u00e9 financi\u00e8re d&#8217;exp\u00e9rience combin\u00e9 \u00e0 un sens des affaires fort impressionnant. Cette pratique professionnelle est compl\u00e9tement \u00e0 la fine pointe des outils technoloqiques: CRM utilis\u00e9 \u00e0 plus de 80% et non juste pour les courriels, aucun papier depuis plusieurs ann\u00e9es, int\u00e9gration automatis\u00e9e quotidiennement aux valeurs unitaires des fonds d&#8217;investissement, logiciel de planification financi\u00e8re avanc\u00e9e, etc. Cet homme d&#8217;affaires est pr\u00eat \u00e0 rester quelques ann\u00e9es pour une transition harmonieuse en respect \u00e0 ses clients, combin\u00e9 \u00e0 une possible collaboration avec l&#8217;acqu\u00e9reur pour d\u00e9velopper des nouveaux clients.<\/p>","protected":false},"excerpt":{"rendered":"<p>Conseiller en s\u00e9curit\u00e9 financi\u00e8re d&#8217;exp\u00e9rience combin\u00e9 \u00e0 un sens des affaires fort impressionnant. Cette pratique professionnelle est compl\u00e9tement \u00e0 la fine pointe des outils technoloqiques: CRM utilis\u00e9 \u00e0 plus de 80% et non juste pour les courriels, aucun papier depuis plusieurs ann\u00e9es, int\u00e9gration automatis\u00e9e quotidiennement aux valeurs unitaires des fonds d&#8217;investissement, logiciel de planification financi\u00e8re [&hellip;]<\/p>\n","protected":false},"featured_media":42942,"comment_status":"closed","ping_status":"closed","template":"","meta":{"site-sidebar-layout":"default","site-content-layout":"","ast-site-content-layout":"default","site-content-style":"default","site-sidebar-style":"default","ast-global-header-display":"","ast-banner-title-visibility":"","ast-main-header-display":"","ast-hfb-above-header-display":"","ast-hfb-below-header-display":"","ast-hfb-mobile-header-display":"","site-post-title":"","ast-breadcrumbs-content":"","ast-featured-img":"","footer-sml-layout":"","ast-disable-related-posts":"","theme-transparent-header-meta":"default","adv-header-id-meta":"","stick-header-meta":"default","header-above-stick-meta":"","header-main-stick-meta":"","header-below-stick-meta":"","astra-migrate-meta-layouts":"set","ast-page-background-enabled":"default","ast-page-background-meta":{"desktop":{"background-color":"","background-image":"","background-repeat":"repeat","background-position":"center center","background-size":"auto","background-attachment":"scroll","background-type":"","background-media":"","overlay-type":"","overlay-color":"","overlay-opacity":"","overlay-gradient":""},"tablet":{"background-color":"","background-image":"","background-repeat":"repeat","background-position":"center center","background-size":"auto","background-attachment":"scroll","background-type":"","background-media":"","overlay-type":"","overlay-color":"","overlay-opacity":"","overlay-gradient":""},"mobile":{"background-color":"","background-image":"","background-repeat":"repeat","background-position":"center center","background-size":"auto","background-attachment":"scroll","background-type":"","background-media":"","overlay-type":"","overlay-color":"","overlay-opacity":"","overlay-gradient":""}},"ast-content-background-meta":{"desktop":{"background-color":"var(--ast-global-color-5)","background-image":"","background-repeat":"repeat","background-position":"center center","background-size":"auto","background-attachment":"scroll","background-type":"","background-media":"","overlay-type":"","overlay-color":"","overlay-opacity":"","overlay-gradient":""},"tablet":{"background-color":"var(--ast-global-color-5)","background-image":"","background-repeat":"repeat","background-position":"center center","background-size":"auto","background-attachment":"scroll","background-type":"","background-media":"","overlay-type":"","overlay-color":"","overlay-opacity":"","overlay-gradient":""},"mobile":{"background-color":"var(--ast-global-color-5)","background-image":"","background-repeat":"repeat","background-position":"center center","background-size":"auto","background-attachment":"scroll","background-type":"","background-media":"","overlay-type":"","overlay-color":"","overlay-opacity":"","overlay-gradient":""}}},"product_brand":[],"product_cat":[83],"product_tag":[],"class_list":{"0":"post-35128","1":"product","2":"type-product","3":"status-publish","4":"has-post-thumbnail","6":"product_cat-termsheets","7":"desktop-align-left","8":"tablet-align-left","9":"mobile-align-left","10":"ast-product-gallery-layout-horizontal-slider","11":"ast-magnify-disabled","12":"ast-product-tabs-layout-horizontal","14":"first","15":"outofstock","16":"downloadable","17":"virtual","18":"taxable","19":"product-type-simple"},"bundled_by":[],"bundle_stock_status":"outofstock","bundle_stock_quantity":0,"bundle_virtual":false,"bundle_layout":"","bundle_add_to_cart_form_location":"","bundle_editable_in_cart":false,"bundle_sold_individually_context":"","bundle_item_grouping":"","bundle_min_size":"","bundle_max_size":"","bundle_price":[],"bundled_items":[],"bundle_sell_ids":[],"_links":{"self":[{"href":"https:\/\/queenston.net\/fr\/wp-json\/wp\/v2\/product\/35128","targetHints":{"allow":["GET"]}}],"collection":[{"href":"https:\/\/queenston.net\/fr\/wp-json\/wp\/v2\/product"}],"about":[{"href":"https:\/\/queenston.net\/fr\/wp-json\/wp\/v2\/types\/product"}],"replies":[{"embeddable":true,"href":"https:\/\/queenston.net\/fr\/wp-json\/wp\/v2\/comments?post=35128"}],"version-history":[{"count":0,"href":"https:\/\/queenston.net\/fr\/wp-json\/wp\/v2\/product\/35128\/revisions"}],"wp:featuredmedia":[{"embeddable":true,"href":"https:\/\/queenston.net\/fr\/wp-json\/wp\/v2\/media\/42942"}],"wp:attachment":[{"href":"https:\/\/queenston.net\/fr\/wp-json\/wp\/v2\/media?parent=35128"}],"wp:term":[{"taxonomy":"product_brand","embeddable":true,"href":"https:\/\/queenston.net\/fr\/wp-json\/wp\/v2\/product_brand?post=35128"},{"taxonomy":"product_cat","embeddable":true,"href":"https:\/\/queenston.net\/fr\/wp-json\/wp\/v2\/product_cat?post=35128"},{"taxonomy":"product_tag","embeddable":true,"href":"https:\/\/queenston.net\/fr\/wp-json\/wp\/v2\/product_tag?post=35128"}],"curies":[{"name":"wp","href":"https:\/\/api.w.org\/{rel}","templated":true}]}}