{"id":34993,"date":"2024-10-23T20:01:29","date_gmt":"2024-10-23T20:01:29","guid":{"rendered":"https:\/\/queenston.net\/?post_type=product&#038;p=34993"},"modified":"2025-11-20T21:30:39","modified_gmt":"2025-11-20T21:30:39","slug":"qc-3645","status":"publish","type":"product","link":"https:\/\/queenston.net\/fr\/produit\/qc-3645\/","title":{"rendered":"QC-3645 &#8211; SOLD"},"content":{"rendered":"<p>English:<br \/>\nThis is a small block of business from a financial security advisor who wants to focus on segregated funds. The opportunity may lead to the eventual acquisition of the advisor&#8217;s entire business as he approaches retirement.<\/p>\n<p>French:<br \/>\nIl s&#8217;agit d&#8217;un petit bloc d&#8217;affaires d&#8217;un conseiller en s\u00e9curit\u00e9 financi\u00e8re d\u00e9sirant se concentrer sur les fonds distincts. L&#8217;opportunit\u00e9 peut conduire \u00e0 l&#8217;acquisition \u00e9ventuellement de la totalit\u00e9 des affaires de se conseiller approchant la retraite.<\/p>","protected":false},"excerpt":{"rendered":"<p>English: This is a small block of business from a financial security advisor who wants to focus on segregated funds. The opportunity may lead to the eventual acquisition of the advisor&#8217;s entire business as he approaches retirement. French: Il s&#8217;agit d&#8217;un petit bloc d&#8217;affaires d&#8217;un conseiller en s\u00e9curit\u00e9 financi\u00e8re d\u00e9sirant se concentrer sur les fonds [&hellip;]<\/p>\n","protected":false},"featured_media":42942,"comment_status":"closed","ping_status":"closed","template":"","meta":{"site-sidebar-layout":"default","site-content-layout":"","ast-site-content-layout":"default","site-content-style":"default","site-sidebar-style":"default","ast-global-header-display":"","ast-banner-title-visibility":"","ast-main-header-display":"","ast-hfb-above-header-display":"","ast-hfb-below-header-display":"","ast-hfb-mobile-header-display":"","site-post-title":"","ast-breadcrumbs-content":"","ast-featured-img":"","footer-sml-layout":"","ast-disable-related-posts":"","theme-transparent-header-meta":"default","adv-header-id-meta":"","stick-header-meta":"default","header-above-stick-meta":"","header-main-stick-meta":"","header-below-stick-meta":"","astra-migrate-meta-layouts":"set","ast-page-background-enabled":"default","ast-page-background-meta":{"desktop":{"background-color":"","background-image":"","background-repeat":"repeat","background-position":"center center","background-size":"auto","background-attachment":"scroll","background-type":"","background-media":"","overlay-type":"","overlay-color":"","overlay-opacity":"","overlay-gradient":""},"tablet":{"background-color":"","background-image":"","background-repeat":"repeat","background-position":"center center","background-size":"auto","background-attachment":"scroll","background-type":"","background-media":"","overlay-type":"","overlay-color":"","overlay-opacity":"","overlay-gradient":""},"mobile":{"background-color":"","background-image":"","background-repeat":"repeat","background-position":"center center","background-size":"auto","background-attachment":"scroll","background-type":"","background-media":"","overlay-type":"","overlay-color":"","overlay-opacity":"","overlay-gradient":""}},"ast-content-background-meta":{"desktop":{"background-color":"var(--ast-global-color-5)","background-image":"","background-repeat":"repeat","background-position":"center center","background-size":"auto","background-attachment":"scroll","background-type":"","background-media":"","overlay-type":"","overlay-color":"","overlay-opacity":"","overlay-gradient":""},"tablet":{"background-color":"var(--ast-global-color-5)","background-image":"","background-repeat":"repeat","background-position":"center center","background-size":"auto","background-attachment":"scroll","background-type":"","background-media":"","overlay-type":"","overlay-color":"","overlay-opacity":"","overlay-gradient":""},"mobile":{"background-color":"var(--ast-global-color-5)","background-image":"","background-repeat":"repeat","background-position":"center center","background-size":"auto","background-attachment":"scroll","background-type":"","background-media":"","overlay-type":"","overlay-color":"","overlay-opacity":"","overlay-gradient":""}}},"product_brand":[],"product_cat":[83],"product_tag":[],"class_list":{"0":"post-34993","1":"product","2":"type-product","3":"status-publish","4":"has-post-thumbnail","6":"product_cat-termsheets","7":"desktop-align-left","8":"tablet-align-left","9":"mobile-align-left","10":"ast-product-gallery-layout-horizontal-slider","11":"ast-magnify-disabled","12":"ast-product-tabs-layout-horizontal","14":"first","15":"outofstock","16":"downloadable","17":"virtual","18":"taxable","19":"purchasable","20":"product-type-simple"},"bundled_by":[],"bundle_stock_status":"outofstock","bundle_stock_quantity":0,"bundle_virtual":false,"bundle_layout":"","bundle_add_to_cart_form_location":"","bundle_editable_in_cart":false,"bundle_sold_individually_context":"","bundle_item_grouping":"","bundle_min_size":"","bundle_max_size":"","bundle_price":[],"bundled_items":[],"bundle_sell_ids":[],"_links":{"self":[{"href":"https:\/\/queenston.net\/fr\/wp-json\/wp\/v2\/product\/34993","targetHints":{"allow":["GET"]}}],"collection":[{"href":"https:\/\/queenston.net\/fr\/wp-json\/wp\/v2\/product"}],"about":[{"href":"https:\/\/queenston.net\/fr\/wp-json\/wp\/v2\/types\/product"}],"replies":[{"embeddable":true,"href":"https:\/\/queenston.net\/fr\/wp-json\/wp\/v2\/comments?post=34993"}],"version-history":[{"count":0,"href":"https:\/\/queenston.net\/fr\/wp-json\/wp\/v2\/product\/34993\/revisions"}],"wp:featuredmedia":[{"embeddable":true,"href":"https:\/\/queenston.net\/fr\/wp-json\/wp\/v2\/media\/42942"}],"wp:attachment":[{"href":"https:\/\/queenston.net\/fr\/wp-json\/wp\/v2\/media?parent=34993"}],"wp:term":[{"taxonomy":"product_brand","embeddable":true,"href":"https:\/\/queenston.net\/fr\/wp-json\/wp\/v2\/product_brand?post=34993"},{"taxonomy":"product_cat","embeddable":true,"href":"https:\/\/queenston.net\/fr\/wp-json\/wp\/v2\/product_cat?post=34993"},{"taxonomy":"product_tag","embeddable":true,"href":"https:\/\/queenston.net\/fr\/wp-json\/wp\/v2\/product_tag?post=34993"}],"curies":[{"name":"wp","href":"https:\/\/api.w.org\/{rel}","templated":true}]}}