{"id":34909,"date":"2024-10-18T15:51:07","date_gmt":"2024-10-18T15:51:07","guid":{"rendered":"https:\/\/queenston.net\/?post_type=product&#038;p=34909"},"modified":"2025-11-20T21:31:16","modified_gmt":"2025-11-20T21:31:16","slug":"qc-1404","status":"publish","type":"product","link":"https:\/\/queenston.net\/fr\/produit\/qc-1404\/","title":{"rendered":"QC-1404 &#8211; SOLD"},"content":{"rendered":"<p>Excellente opportunit\u00e9 d\u2019affaires pour un cabinet sous contrat direct avec La Canada Vie, offrant un fort potentiel de croissance en fonds d\u2019investissement. Cette opportunit\u00e9 unique permet \u00e0 un cabinet de se positionner strat\u00e9giquement dans la grande r\u00e9gion du Centre-du-Qu\u00e9bec, un secteur en pleine expansion, tout en renfor\u00e7ant ses activit\u00e9s avec La Canada Vie. Le fort potentiel de croissance passe par la planification financi\u00e8re interg\u00e9n\u00e9rationnelle des clients actuels.<br \/>\nLes vendeurs sont pr\u00eats \u00e0 s\u2019impliquer activement dans le succ\u00e8s de la transition en restant disponibles pour accompagner le transfert des affaires et contribuer \u00e0 l\u2019acquisition de nouveaux clients. Leur engagement garantit une continuit\u00e9 des relations avec les clients existants et un soutien pr\u00e9cieux pour saisir de nouvelles opportunit\u00e9s de croissance.<\/p>","protected":false},"excerpt":{"rendered":"<p>Excellente opportunit\u00e9 d\u2019affaires pour un cabinet sous contrat direct avec La Canada Vie, offrant un fort potentiel de croissance en fonds d\u2019investissement. Cette opportunit\u00e9 unique permet \u00e0 un cabinet de se positionner strat\u00e9giquement dans la grande r\u00e9gion du Centre-du-Qu\u00e9bec, un secteur en pleine expansion, tout en renfor\u00e7ant ses activit\u00e9s avec La Canada Vie. Le fort [&hellip;]<\/p>\n","protected":false},"featured_media":42942,"comment_status":"closed","ping_status":"closed","template":"","meta":{"site-sidebar-layout":"default","site-content-layout":"","ast-site-content-layout":"default","site-content-style":"default","site-sidebar-style":"default","ast-global-header-display":"","ast-banner-title-visibility":"","ast-main-header-display":"","ast-hfb-above-header-display":"","ast-hfb-below-header-display":"","ast-hfb-mobile-header-display":"","site-post-title":"","ast-breadcrumbs-content":"","ast-featured-img":"","footer-sml-layout":"","ast-disable-related-posts":"","theme-transparent-header-meta":"default","adv-header-id-meta":"","stick-header-meta":"default","header-above-stick-meta":"","header-main-stick-meta":"","header-below-stick-meta":"","astra-migrate-meta-layouts":"set","ast-page-background-enabled":"default","ast-page-background-meta":{"desktop":{"background-color":"","background-image":"","background-repeat":"repeat","background-position":"center center","background-size":"auto","background-attachment":"scroll","background-type":"","background-media":"","overlay-type":"","overlay-color":"","overlay-opacity":"","overlay-gradient":""},"tablet":{"background-color":"","background-image":"","background-repeat":"repeat","background-position":"center center","background-size":"auto","background-attachment":"scroll","background-type":"","background-media":"","overlay-type":"","overlay-color":"","overlay-opacity":"","overlay-gradient":""},"mobile":{"background-color":"","background-image":"","background-repeat":"repeat","background-position":"center center","background-size":"auto","background-attachment":"scroll","background-type":"","background-media":"","overlay-type":"","overlay-color":"","overlay-opacity":"","overlay-gradient":""}},"ast-content-background-meta":{"desktop":{"background-color":"var(--ast-global-color-5)","background-image":"","background-repeat":"repeat","background-position":"center center","background-size":"auto","background-attachment":"scroll","background-type":"","background-media":"","overlay-type":"","overlay-color":"","overlay-opacity":"","overlay-gradient":""},"tablet":{"background-color":"var(--ast-global-color-5)","background-image":"","background-repeat":"repeat","background-position":"center center","background-size":"auto","background-attachment":"scroll","background-type":"","background-media":"","overlay-type":"","overlay-color":"","overlay-opacity":"","overlay-gradient":""},"mobile":{"background-color":"var(--ast-global-color-5)","background-image":"","background-repeat":"repeat","background-position":"center center","background-size":"auto","background-attachment":"scroll","background-type":"","background-media":"","overlay-type":"","overlay-color":"","overlay-opacity":"","overlay-gradient":""}}},"product_brand":[],"product_cat":[83],"product_tag":[],"class_list":{"0":"post-34909","1":"product","2":"type-product","3":"status-publish","4":"has-post-thumbnail","6":"product_cat-termsheets","7":"desktop-align-left","8":"tablet-align-left","9":"mobile-align-left","10":"ast-product-gallery-layout-horizontal-slider","11":"ast-magnify-disabled","12":"ast-product-tabs-layout-horizontal","14":"first","15":"outofstock","16":"downloadable","17":"virtual","18":"taxable","19":"product-type-simple"},"bundled_by":[],"bundle_stock_status":"outofstock","bundle_stock_quantity":0,"bundle_virtual":false,"bundle_layout":"","bundle_add_to_cart_form_location":"","bundle_editable_in_cart":false,"bundle_sold_individually_context":"","bundle_item_grouping":"","bundle_min_size":"","bundle_max_size":"","bundle_price":[],"bundled_items":[],"bundle_sell_ids":[],"_links":{"self":[{"href":"https:\/\/queenston.net\/fr\/wp-json\/wp\/v2\/product\/34909","targetHints":{"allow":["GET"]}}],"collection":[{"href":"https:\/\/queenston.net\/fr\/wp-json\/wp\/v2\/product"}],"about":[{"href":"https:\/\/queenston.net\/fr\/wp-json\/wp\/v2\/types\/product"}],"replies":[{"embeddable":true,"href":"https:\/\/queenston.net\/fr\/wp-json\/wp\/v2\/comments?post=34909"}],"version-history":[{"count":0,"href":"https:\/\/queenston.net\/fr\/wp-json\/wp\/v2\/product\/34909\/revisions"}],"wp:featuredmedia":[{"embeddable":true,"href":"https:\/\/queenston.net\/fr\/wp-json\/wp\/v2\/media\/42942"}],"wp:attachment":[{"href":"https:\/\/queenston.net\/fr\/wp-json\/wp\/v2\/media?parent=34909"}],"wp:term":[{"taxonomy":"product_brand","embeddable":true,"href":"https:\/\/queenston.net\/fr\/wp-json\/wp\/v2\/product_brand?post=34909"},{"taxonomy":"product_cat","embeddable":true,"href":"https:\/\/queenston.net\/fr\/wp-json\/wp\/v2\/product_cat?post=34909"},{"taxonomy":"product_tag","embeddable":true,"href":"https:\/\/queenston.net\/fr\/wp-json\/wp\/v2\/product_tag?post=34909"}],"curies":[{"name":"wp","href":"https:\/\/api.w.org\/{rel}","templated":true}]}}