{"id":273,"date":"2021-05-08T10:16:31","date_gmt":"2021-05-08T10:16:31","guid":{"rendered":"https:\/\/testsite.socialitemediamarketing.ca\/training\/"},"modified":"2025-11-10T17:28:47","modified_gmt":"2025-11-10T17:28:47","slug":"consultants","status":"publish","type":"page","link":"https:\/\/queenston.net\/fr\/consultants\/","title":{"rendered":"Consultants Q"},"content":{"rendered":"<div data-elementor-type=\"wp-page\" data-elementor-id=\"273\" class=\"elementor elementor-273\" data-elementor-post-type=\"page\">\n\t\t\t\t\t\t<section class=\"elementor-section elementor-top-section elementor-element elementor-element-976cfd8 elementor-section-boxed elementor-section-height-default elementor-section-height-default\" data-id=\"976cfd8\" data-element_type=\"section\" data-e-type=\"section\" data-settings=\"{&quot;background_background&quot;:&quot;classic&quot;}\">\n\t\t\t\t\t\t<div class=\"elementor-container elementor-column-gap-no\">\n\t\t\t\t\t<div class=\"elementor-column elementor-col-100 elementor-top-column elementor-element elementor-element-15114ca\" data-id=\"15114ca\" data-element_type=\"column\" data-e-type=\"column\">\n\t\t\t<div class=\"elementor-widget-wrap elementor-element-populated\">\n\t\t\t\t\t\t<div class=\"elementor-element elementor-element-109974a elementor-widget elementor-widget-image\" data-id=\"109974a\" data-element_type=\"widget\" data-e-type=\"widget\" data-widget_type=\"image.default\">\n\t\t\t\t<div class=\"elementor-widget-container\">\n\t\t\t\t\t\t\t\t\t\t\t\t\t\t\t<img decoding=\"async\" src=\"https:\/\/queenston.net\/wp-content\/uploads\/elementor\/thumbs\/q-consultants-r6dy265qnpybv8o4fe8rmsled4t2hzj8stwbv5qgxe.png\" title=\"q-consultants\" alt=\"q-consultants\" loading=\"lazy\" \/>\t\t\t\t\t\t\t\t\t\t\t\t\t\t\t<\/div>\n\t\t\t\t<\/div>\n\t\t\t\t<div class=\"elementor-element elementor-element-3b5d4b4 elementor-widget-divider--view-line elementor-widget elementor-widget-divider\" data-id=\"3b5d4b4\" data-element_type=\"widget\" data-e-type=\"widget\" data-widget_type=\"divider.default\">\n\t\t\t\t<div class=\"elementor-widget-container\">\n\t\t\t\t\t\t\t<div class=\"elementor-divider\">\n\t\t\t<span class=\"elementor-divider-separator\">\n\t\t\t\t\t\t<\/span>\n\t\t<\/div>\n\t\t\t\t\t\t<\/div>\n\t\t\t\t<\/div>\n\t\t\t\t\t<\/div>\n\t\t<\/div>\n\t\t\t\t\t<\/div>\n\t\t<\/section>\n\t\t\t\t<section class=\"elementor-section elementor-top-section elementor-element elementor-element-697b60e elementor-section-boxed elementor-section-height-default elementor-section-height-default\" data-id=\"697b60e\" data-element_type=\"section\" data-e-type=\"section\">\n\t\t\t\t\t\t<div class=\"elementor-container elementor-column-gap-default\">\n\t\t\t\t\t<div class=\"elementor-column elementor-col-100 elementor-top-column elementor-element elementor-element-50f79ac\" data-id=\"50f79ac\" data-element_type=\"column\" data-e-type=\"column\">\n\t\t\t<div class=\"elementor-widget-wrap elementor-element-populated\">\n\t\t\t\t\t\t<div class=\"elementor-element elementor-element-015e6a7 elementor-widget-divider--view-line_text elementor-widget-divider--element-align-center elementor-widget elementor-widget-divider\" data-id=\"015e6a7\" data-element_type=\"widget\" data-e-type=\"widget\" data-widget_type=\"divider.default\">\n\t\t\t\t<div class=\"elementor-widget-container\">\n\t\t\t\t\t\t\t<div class=\"elementor-divider\">\n\t\t\t<span class=\"elementor-divider-separator\">\n\t\t\t\t\t\t\t<span class=\"elementor-divider__text elementor-divider__element\">\n\t\t\t\tRencontrez l'\u00e9quipe de Queenston\t\t\t\t<\/span>\n\t\t\t\t\t\t<\/span>\n\t\t<\/div>\n\t\t\t\t\t\t<\/div>\n\t\t\t\t<\/div>\n\t\t\t\t\t<\/div>\n\t\t<\/div>\n\t\t\t\t\t<\/div>\n\t\t<\/section>\n\t\t\t\t<section class=\"elementor-section elementor-top-section elementor-element elementor-element-395de28 elementor-section-boxed elementor-section-height-default elementor-section-height-default elementor-invisible\" data-id=\"395de28\" data-element_type=\"section\" data-e-type=\"section\" data-settings=\"{&quot;animation&quot;:&quot;zoomIn&quot;}\">\n\t\t\t\t\t\t<div class=\"elementor-container elementor-column-gap-default\">\n\t\t\t\t\t<div class=\"elementor-column elementor-col-50 elementor-top-column elementor-element elementor-element-4c9b4f8\" data-id=\"4c9b4f8\" data-element_type=\"column\" data-e-type=\"column\">\n\t\t\t<div class=\"elementor-widget-wrap elementor-element-populated\">\n\t\t\t\t\t\t<div class=\"elementor-element elementor-element-2bbe177 elementor-widget elementor-widget-image\" data-id=\"2bbe177\" data-element_type=\"widget\" data-e-type=\"widget\" data-widget_type=\"image.default\">\n\t\t\t\t<div class=\"elementor-widget-container\">\n\t\t\t\t\t\t\t\t\t\t\t\t\t\t\t<img fetchpriority=\"high\" decoding=\"async\" width=\"300\" height=\"300\" src=\"https:\/\/queenston.net\/wp-content\/uploads\/2023\/09\/martindelorme-1-300x300.png\" class=\"attachment-medium size-medium wp-image-6926\" alt=\"Martin Luc Derome\" srcset=\"https:\/\/queenston.net\/wp-content\/uploads\/2023\/09\/martindelorme-1-300x300.png 300w, https:\/\/queenston.net\/wp-content\/uploads\/2023\/09\/martindelorme-1-100x100.png 100w, https:\/\/queenston.net\/wp-content\/uploads\/2023\/09\/martindelorme-1-800x800.png 800w, https:\/\/queenston.net\/wp-content\/uploads\/2023\/09\/martindelorme-1-150x150.png 150w, https:\/\/queenston.net\/wp-content\/uploads\/2023\/09\/martindelorme-1-768x768.png 768w, https:\/\/queenston.net\/wp-content\/uploads\/2023\/09\/martindelorme-1-12x12.png 12w, https:\/\/queenston.net\/wp-content\/uploads\/2023\/09\/martindelorme-1.png 1000w\" sizes=\"(max-width: 300px) 100vw, 300px\" \/>\t\t\t\t\t\t\t\t\t\t\t\t\t\t\t<\/div>\n\t\t\t\t<\/div>\n\t\t\t\t<div class=\"elementor-element elementor-element-52fde90 elementor-widget elementor-widget-heading\" data-id=\"52fde90\" data-element_type=\"widget\" data-e-type=\"widget\" data-widget_type=\"heading.default\">\n\t\t\t\t<div class=\"elementor-widget-container\">\n\t\t\t\t\t<h3 class=\"elementor-heading-title elementor-size-default\">Martin Luc Derome<\/h3>\t\t\t\t<\/div>\n\t\t\t\t<\/div>\n\t\t\t\t<div class=\"elementor-element elementor-element-3013bbf elementor-widget elementor-widget-heading\" data-id=\"3013bbf\" data-element_type=\"widget\" data-e-type=\"widget\" data-widget_type=\"heading.default\">\n\t\t\t\t<div class=\"elementor-widget-container\">\n\t\t\t\t\t<h4 class=\"elementor-heading-title elementor-size-default\">Pr\u00e9sident Directeur G\u00e9n\u00e9ral &amp; Planificateur Financier<\/h4>\t\t\t\t<\/div>\n\t\t\t\t<\/div>\n\t\t\t\t<div class=\"elementor-element elementor-element-feaa310 elementor-widget elementor-widget-text-editor\" data-id=\"feaa310\" data-element_type=\"widget\" data-e-type=\"widget\" data-widget_type=\"text-editor.default\">\n\t\t\t\t<div class=\"elementor-widget-container\">\n\t\t\t\t\t\t\t\t\t<p style=\"text-align: center;\"><span style=\"color: #000000;\"><strong><a style=\"color: #000000;\" href=\"mailto:martin@queenston.net\" target=\"_blank\" rel=\"noopener\">martin@queenston.net<\/a><\/strong><\/span><\/p><p style=\"text-align: center;\"><span style=\"color: #000000;\"><strong><a style=\"color: #000000;\" href=\"tel:204-889-1189\" target=\"_blank\" rel=\"noopener\">Bureau: 204-889-1189<\/a><\/strong><\/span><\/p><p style=\"text-align: center;\"><span style=\"color: #000000;\"><strong><a style=\"color: #000000;\" href=\"tel:204-400-2280\" target=\"_blank\" rel=\"noopener\">Mobile: 204-400-2280<\/a><\/strong><\/span><\/p>\t\t\t\t\t\t\t\t<\/div>\n\t\t\t\t<\/div>\n\t\t\t\t\t<\/div>\n\t\t<\/div>\n\t\t\t\t<div class=\"elementor-column elementor-col-50 elementor-top-column elementor-element elementor-element-1abf18d\" data-id=\"1abf18d\" data-element_type=\"column\" data-e-type=\"column\">\n\t\t\t<div class=\"elementor-widget-wrap elementor-element-populated\">\n\t\t\t\t\t\t<div class=\"elementor-element elementor-element-26b534d elementor-widget elementor-widget-text-editor\" data-id=\"26b534d\" data-element_type=\"widget\" data-e-type=\"widget\" data-widget_type=\"text-editor.default\">\n\t\t\t\t<div class=\"elementor-widget-container\">\n\t\t\t\t\t\t\t\t\t<p style=\"text-align: justify;\">Martin Luc Derome est un chef d\u2019entreprise chevronn\u00e9 avec plus de 25 ans d\u2019exp\u00e9rience en finance et en assurance. Il est actuellement pr\u00e9sident de Queenston M&amp;A Inc., sp\u00e9cialis\u00e9 dans les fusions, les acquisitions, les transferts et les \u00e9valuations dans les industries des produits financiers. Il a occup\u00e9 des postes de direction au sein du Groupe Financial Horizons et a travaill\u00e9 comme consultant en fusions et acquisitions pour des particuliers fortun\u00e9s, des propri\u00e9taires d\u2019entreprise et des professionnels. Martin Luc est un consultant de confiance d\u00e9di\u00e9 \u00e0 fournir des solutions personnalis\u00e9es aux clients.\n\nM. Derome a compl\u00e9t\u00e9 avec succ\u00e8s le programme \u201cCertified Financial Planner\u201d.<\/p><p style=\"text-align: justify;\">M. Derome a compl\u00e9t\u00e9 avec succ\u00e8s le programme \u201cCertified Financial Planner\u201d.<\/p>\t\t\t\t\t\t\t\t<\/div>\n\t\t\t\t<\/div>\n\t\t\t\t\t<\/div>\n\t\t<\/div>\n\t\t\t\t\t<\/div>\n\t\t<\/section>\n\t\t\t\t<section class=\"elementor-section elementor-top-section elementor-element elementor-element-f7da599 elementor-section-boxed elementor-section-height-default elementor-section-height-default elementor-invisible\" data-id=\"f7da599\" data-element_type=\"section\" data-e-type=\"section\" data-settings=\"{&quot;animation&quot;:&quot;zoomIn&quot;,&quot;background_background&quot;:&quot;classic&quot;}\">\n\t\t\t\t\t\t<div class=\"elementor-container elementor-column-gap-default\">\n\t\t\t\t\t<div class=\"elementor-column elementor-col-50 elementor-top-column elementor-element elementor-element-d93bd55\" data-id=\"d93bd55\" data-element_type=\"column\" data-e-type=\"column\">\n\t\t\t<div class=\"elementor-widget-wrap elementor-element-populated\">\n\t\t\t\t\t\t<div class=\"elementor-element elementor-element-8e0ab54 elementor-widget elementor-widget-image\" data-id=\"8e0ab54\" data-element_type=\"widget\" data-e-type=\"widget\" data-widget_type=\"image.default\">\n\t\t\t\t<div class=\"elementor-widget-container\">\n\t\t\t\t\t\t\t\t\t\t\t\t\t\t\t<img decoding=\"async\" width=\"1000\" height=\"1000\" src=\"https:\/\/queenston.net\/wp-content\/uploads\/2025\/03\/Henry.png\" class=\"attachment-large size-large wp-image-42074\" alt=\"\" srcset=\"https:\/\/queenston.net\/wp-content\/uploads\/2025\/03\/Henry.png 1000w, https:\/\/queenston.net\/wp-content\/uploads\/2025\/03\/Henry-300x300.png 300w, https:\/\/queenston.net\/wp-content\/uploads\/2025\/03\/Henry-100x100.png 100w, https:\/\/queenston.net\/wp-content\/uploads\/2025\/03\/Henry-800x800.png 800w, https:\/\/queenston.net\/wp-content\/uploads\/2025\/03\/Henry-150x150.png 150w, https:\/\/queenston.net\/wp-content\/uploads\/2025\/03\/Henry-768x768.png 768w, https:\/\/queenston.net\/wp-content\/uploads\/2025\/03\/Henry-12x12.png 12w\" sizes=\"(max-width: 1000px) 100vw, 1000px\" \/>\t\t\t\t\t\t\t\t\t\t\t\t\t\t\t<\/div>\n\t\t\t\t<\/div>\n\t\t\t\t<div class=\"elementor-element elementor-element-396eeed elementor-widget elementor-widget-heading\" data-id=\"396eeed\" data-element_type=\"widget\" data-e-type=\"widget\" data-widget_type=\"heading.default\">\n\t\t\t\t<div class=\"elementor-widget-container\">\n\t\t\t\t\t<h2 class=\"elementor-heading-title elementor-size-default\">Henry He<\/h2>\t\t\t\t<\/div>\n\t\t\t\t<\/div>\n\t\t\t\t<div class=\"elementor-element elementor-element-b4e59e0 elementor-widget elementor-widget-heading\" data-id=\"b4e59e0\" data-element_type=\"widget\" data-e-type=\"widget\" data-widget_type=\"heading.default\">\n\t\t\t\t<div class=\"elementor-widget-container\">\n\t\t\t\t\t<h2 class=\"elementor-heading-title elementor-size-default\">Financial &amp; Data Analysist<\/h2>\t\t\t\t<\/div>\n\t\t\t\t<\/div>\n\t\t\t\t<div class=\"elementor-element elementor-element-ba20b26 elementor-widget elementor-widget-text-editor\" data-id=\"ba20b26\" data-element_type=\"widget\" data-e-type=\"widget\" data-widget_type=\"text-editor.default\">\n\t\t\t\t<div class=\"elementor-widget-container\">\n\t\t\t\t\t\t\t\t\t<p style=\"text-align: center;\"><span style=\"color: #000000;\"><strong><a style=\"color: #000000;\" href=\"mailto:henry@queenston.net\" target=\"_blank\" rel=\"noopener\">henry@queenston.net<\/a><\/strong><\/span><\/p><p style=\"text-align: center;\"><span style=\"color: #000000;\"><strong><a style=\"color: #000000;\" href=\"tel:204-889-1189\" target=\"_blank\" rel=\"noopener\">Bureau: 204-889-1189<\/a><\/strong><\/span><\/p><p style=\"text-align: center;\"><span style=\"color: #000000;\"><strong><a style=\"color: #000000;\" href=\"tel:249-544-0515\" target=\"_blank\" rel=\"noopener\">Mobile: 249-544-0515<\/a><\/strong><\/span><\/p>\t\t\t\t\t\t\t\t<\/div>\n\t\t\t\t<\/div>\n\t\t\t\t\t<\/div>\n\t\t<\/div>\n\t\t\t\t<div class=\"elementor-column elementor-col-50 elementor-top-column elementor-element elementor-element-0e19ae0\" data-id=\"0e19ae0\" data-element_type=\"column\" data-e-type=\"column\">\n\t\t\t<div class=\"elementor-widget-wrap elementor-element-populated\">\n\t\t\t\t\t\t<div class=\"elementor-element elementor-element-e971aeb elementor-widget elementor-widget-text-editor\" data-id=\"e971aeb\" data-element_type=\"widget\" data-e-type=\"widget\" data-widget_type=\"text-editor.default\">\n\t\t\t\t<div class=\"elementor-widget-container\">\n\t\t\t\t\t\t\t\t\t<p>I&#8217;m thrilled to share that I&#8217;ve joined Queenston as a full-time Business Consultant upon graduation!<\/p><p>This opportunity would not have been possible without the support of many incredible people. A sincere thank you to the Queenston recruitment team Martin, JF!<\/p><p>Looking forward to collaborating with an incredible team, tackling new challenges, and driving impactful solutions for our clients.<\/p><p>A big thank you to everyone who has supported me on this journey\u2014I can&#8217;t wait to see what the future holds!<\/p>\t\t\t\t\t\t\t\t<\/div>\n\t\t\t\t<\/div>\n\t\t\t\t\t<\/div>\n\t\t<\/div>\n\t\t\t\t\t<\/div>\n\t\t<\/section>\n\t\t\t\t<section class=\"elementor-section elementor-top-section elementor-element elementor-element-de36d7e elementor-section-boxed elementor-section-height-default elementor-section-height-default elementor-invisible\" data-id=\"de36d7e\" data-element_type=\"section\" data-e-type=\"section\" data-settings=\"{&quot;animation&quot;:&quot;zoomIn&quot;}\">\n\t\t\t\t\t\t<div class=\"elementor-container elementor-column-gap-default\">\n\t\t\t\t\t<div class=\"elementor-column elementor-col-50 elementor-top-column elementor-element elementor-element-ad34a94\" data-id=\"ad34a94\" data-element_type=\"column\" data-e-type=\"column\">\n\t\t\t<div class=\"elementor-widget-wrap elementor-element-populated\">\n\t\t\t\t\t\t<div class=\"elementor-element elementor-element-f0565dd elementor-widget elementor-widget-image\" data-id=\"f0565dd\" data-element_type=\"widget\" data-e-type=\"widget\" data-widget_type=\"image.default\">\n\t\t\t\t<div class=\"elementor-widget-container\">\n\t\t\t\t\t\t\t\t\t\t\t\t\t\t\t<img decoding=\"async\" width=\"500\" height=\"500\" src=\"https:\/\/queenston.net\/wp-content\/uploads\/2023\/03\/Jim-Marcolin-1.png\" class=\"attachment-large size-large wp-image-1926\" alt=\"Jim Marcolin\" srcset=\"https:\/\/queenston.net\/wp-content\/uploads\/2023\/03\/Jim-Marcolin-1.png 500w, https:\/\/queenston.net\/wp-content\/uploads\/2023\/03\/Jim-Marcolin-1-300x300.png 300w, https:\/\/queenston.net\/wp-content\/uploads\/2023\/03\/Jim-Marcolin-1-100x100.png 100w, https:\/\/queenston.net\/wp-content\/uploads\/2023\/03\/Jim-Marcolin-1-200x200.png 200w, https:\/\/queenston.net\/wp-content\/uploads\/2023\/03\/Jim-Marcolin-1-150x150.png 150w\" sizes=\"(max-width: 500px) 100vw, 500px\" \/>\t\t\t\t\t\t\t\t\t\t\t\t\t\t\t<\/div>\n\t\t\t\t<\/div>\n\t\t\t\t<div class=\"elementor-element elementor-element-ce2a17e elementor-widget elementor-widget-heading\" data-id=\"ce2a17e\" data-element_type=\"widget\" data-e-type=\"widget\" data-widget_type=\"heading.default\">\n\t\t\t\t<div class=\"elementor-widget-container\">\n\t\t\t\t\t<h4 class=\"elementor-heading-title elementor-size-default\">Jim Marcolin<\/h4>\t\t\t\t<\/div>\n\t\t\t\t<\/div>\n\t\t\t\t<div class=\"elementor-element elementor-element-295fd80 elementor-widget elementor-widget-heading\" data-id=\"295fd80\" data-element_type=\"widget\" data-e-type=\"widget\" data-widget_type=\"heading.default\">\n\t\t\t\t<div class=\"elementor-widget-container\">\n\t\t\t\t\t<h2 class=\"elementor-heading-title elementor-size-default\">Conseiller en fusion et acquisitions<\/h2>\t\t\t\t<\/div>\n\t\t\t\t<\/div>\n\t\t\t\t<div class=\"elementor-element elementor-element-7b7417d elementor-widget elementor-widget-text-editor\" data-id=\"7b7417d\" data-element_type=\"widget\" data-e-type=\"widget\" data-widget_type=\"text-editor.default\">\n\t\t\t\t<div class=\"elementor-widget-container\">\n\t\t\t\t\t\t\t\t\t<p style=\"text-align: center;\"><span style=\"color: #000000;\"><strong><a style=\"color: #000000;\" href=\"mailto:info@queenston.net\" target=\"_blank\" rel=\"noopener\">info@queenston.net<\/a><\/strong><\/span><\/p><p style=\"text-align: center;\"><span style=\"color: #000000;\"><strong><a style=\"color: #000000;\" href=\"tel:204-889-1189\" target=\"_blank\" rel=\"noopener\">Bureau: 204-889-1189<\/a><\/strong><\/span><\/p>\t\t\t\t\t\t\t\t<\/div>\n\t\t\t\t<\/div>\n\t\t\t\t\t<\/div>\n\t\t<\/div>\n\t\t\t\t<div class=\"elementor-column elementor-col-50 elementor-top-column elementor-element elementor-element-20409b1\" data-id=\"20409b1\" data-element_type=\"column\" data-e-type=\"column\">\n\t\t\t<div class=\"elementor-widget-wrap elementor-element-populated\">\n\t\t\t\t\t\t<div class=\"elementor-element elementor-element-dd3b9ff elementor-widget elementor-widget-text-editor\" data-id=\"dd3b9ff\" data-element_type=\"widget\" data-e-type=\"widget\" data-widget_type=\"text-editor.default\">\n\t\t\t\t<div class=\"elementor-widget-container\">\n\t\t\t\t\t\t\t\t\t<p style=\"text-align: justify;\">N\u00e9 dans le monde des affaires, \u00c9douard Bonnefis est un jeune entrepreneur aux multiples\ntalents, ayant acquis une exp\u00e9rience diversifi\u00e9e dans des secteurs tels que le transport et la\nlogistique, les technologies, le franchisage et l\u2019automobile. Apr\u00e8s avoir occup\u00e9 des postes de\nhaute direction dans plusieurs entreprises, \u00c9douard est aujourd\u2019hui actionnaire de plusieurs\nentreprises, \u00e0 travers lesquelles il continue de parfaire ses connaissances du monde des\naffaires. Avec un sens des affaires aiguis\u00e9 et une approche structur\u00e9e, \u00c9douard est un homme\nd\u2019affaires curieux et dynamique. Il a \u00e9tudi\u00e9 \u00e0 l\u2019Universit\u00e9 Laval, o\u00f9 il a laiss\u00e9 une marque\nind\u00e9l\u00e9bile en tant que pr\u00e9sident du Regroupement des \u00c9tudiants Entrepreneurs, et en recevant\nde nombreux prix d\u2019excellence. Durant son parcours scolaire, \u00c9douard a notamment re\u00e7u la\nprestigieuse m\u00e9daille du lieutenant-gouverneur, en reconnaissance de son d\u00e9vouement envers\nl\u2019entrepreneuriat. Cette distinction illustre la passion et le talent exceptionnel dont il a fait preuve\nd\u00e8s son plus jeune \u00e2ge. En tant que consultant en fusion-acquisition depuis 2020, \u00c9douard\ntravaille sans rel\u00e2che pour ses clients afin de cr\u00e9er les meilleures opportunit\u00e9s d\u2019affaires\npossibles<\/p><p style=\"text-align: justify;\">M. Marcolin a compl\u00e9t\u00e9 avec succ\u00e8s ce qui suit :<\/p><p>\u25cf Conseil de certification ASCP<\/p><p>\u25cf Analyste financier agr\u00e9\u00e9<\/p><p>\u25cf Planificateur financier agr\u00e9\u00e9<\/p><p>\u25cf Consultant financier certifi\u00e9<\/p><p>\u25cf Assureur-vie agr\u00e9\u00e9<\/p>\t\t\t\t\t\t\t\t<\/div>\n\t\t\t\t<\/div>\n\t\t\t\t\t<\/div>\n\t\t<\/div>\n\t\t\t\t\t<\/div>\n\t\t<\/section>\n\t\t\t\t<section class=\"elementor-section elementor-top-section elementor-element elementor-element-94d4e56 elementor-section-height-min-height elementor-section-boxed elementor-section-height-default elementor-section-items-middle\" data-id=\"94d4e56\" data-element_type=\"section\" data-e-type=\"section\" data-settings=\"{&quot;background_background&quot;:&quot;classic&quot;}\">\n\t\t\t\t\t\t\t<div class=\"elementor-background-overlay\"><\/div>\n\t\t\t\t\t\t\t<div class=\"elementor-container elementor-column-gap-no\">\n\t\t\t\t\t<div class=\"elementor-column elementor-col-100 elementor-top-column elementor-element elementor-element-a0be0d7\" data-id=\"a0be0d7\" data-element_type=\"column\" data-e-type=\"column\">\n\t\t\t<div class=\"elementor-widget-wrap elementor-element-populated\">\n\t\t\t\t\t\t<div class=\"elementor-element elementor-element-2ba9c03 elementor-widget elementor-widget-heading\" data-id=\"2ba9c03\" data-element_type=\"widget\" data-e-type=\"widget\" data-widget_type=\"heading.default\">\n\t\t\t\t<div class=\"elementor-widget-container\">\n\t\t\t\t\t<h6 class=\"elementor-heading-title elementor-size-default\">Devenez membre<\/h6>\t\t\t\t<\/div>\n\t\t\t\t<\/div>\n\t\t\t\t<div class=\"elementor-element elementor-element-4cbe706 elementor-widget elementor-widget-heading\" data-id=\"4cbe706\" data-element_type=\"widget\" data-e-type=\"widget\" data-widget_type=\"heading.default\">\n\t\t\t\t<div class=\"elementor-widget-container\">\n\t\t\t\t\t<h2 class=\"elementor-heading-title elementor-size-default\">Adh\u00e9rez \u00e0 Queenston et profitez de privil\u00e8ges exclusifs.<\/h2>\t\t\t\t<\/div>\n\t\t\t\t<\/div>\n\t\t\t\t<div class=\"elementor-element elementor-element-a5367b3 elementor-widget elementor-widget-text-editor\" data-id=\"a5367b3\" data-element_type=\"widget\" data-e-type=\"widget\" data-widget_type=\"text-editor.default\">\n\t\t\t\t<div class=\"elementor-widget-container\">\n\t\t\t\t\t\t\t\t\t<p>Restez inform\u00e9 de toutes les opportunit\u00e9s en rejoignant notre programme d'adh\u00e9sion.<\/p>\t\t\t\t\t\t\t\t<\/div>\n\t\t\t\t<\/div>\n\t\t\t\t<div class=\"elementor-element elementor-element-dd11907 elementor-align-center elementor-widget elementor-widget-button\" data-id=\"dd11907\" data-element_type=\"widget\" data-e-type=\"widget\" data-widget_type=\"button.default\">\n\t\t\t\t<div class=\"elementor-widget-container\">\n\t\t\t\t\t\t\t\t\t<div class=\"elementor-button-wrapper\">\n\t\t\t\t\t<a class=\"elementor-button elementor-button-link elementor-size-sm\" href=\"https:\/\/queenston.net\/fr\/register\/\" target=\"_blank\">\n\t\t\t\t\t\t<span class=\"elementor-button-content-wrapper\">\n\t\t\t\t\t\t\t\t\t<span class=\"elementor-button-text\">S'INSCRIRE MAINTENANT<\/span>\n\t\t\t\t\t<\/span>\n\t\t\t\t\t<\/a>\n\t\t\t\t<\/div>\n\t\t\t\t\t\t\t\t<\/div>\n\t\t\t\t<\/div>\n\t\t\t\t\t<\/div>\n\t\t<\/div>\n\t\t\t\t\t<\/div>\n\t\t<\/section>\n\t\t\t\t<\/div>","protected":false},"excerpt":{"rendered":"<p>Meet The Queenston Team Martin Luc Derome Chief Executive Officer &amp; Financial Planner martin@queenston.net Office: 204-889-1189 Mobile: 204-400-2280 Martin Luc Derome is a seasoned business leader with over 25 years of experience in finance and insurance. He currently serves as President of Queenston M&amp;A Inc., specializing in mergers, acquisitions, transfers and valuations in the financial [&hellip;]<\/p>\n","protected":false},"author":2,"featured_media":0,"parent":0,"menu_order":0,"comment_status":"closed","ping_status":"closed","template":"","meta":{"site-sidebar-layout":"no-sidebar","site-content-layout":"page-builder","ast-site-content-layout":"default","site-content-style":"default","site-sidebar-style":"default","ast-global-header-display":"","ast-banner-title-visibility":"","ast-main-header-display":"","ast-hfb-above-header-display":"","ast-hfb-below-header-display":"","ast-hfb-mobile-header-display":"","site-post-title":"disabled","ast-breadcrumbs-content":"disabled","ast-featured-img":"disabled","footer-sml-layout":"","ast-disable-related-posts":"","theme-transparent-header-meta":"enabled","adv-header-id-meta":"","stick-header-meta":"","header-above-stick-meta":"","header-main-stick-meta":"","header-below-stick-meta":"","astra-migrate-meta-layouts":"default","ast-page-background-enabled":"default","ast-page-background-meta":{"desktop":{"background-color":"","background-image":"","background-repeat":"repeat","background-position":"center center","background-size":"auto","background-attachment":"scroll","background-type":"","background-media":"","overlay-type":"","overlay-color":"","overlay-opacity":"","overlay-gradient":""},"tablet":{"background-color":"","background-image":"","background-repeat":"repeat","background-position":"center center","background-size":"auto","background-attachment":"scroll","background-type":"","background-media":"","overlay-type":"","overlay-color":"","overlay-opacity":"","overlay-gradient":""},"mobile":{"background-color":"","background-image":"","background-repeat":"repeat","background-position":"center center","background-size":"auto","background-attachment":"scroll","background-type":"","background-media":"","overlay-type":"","overlay-color":"","overlay-opacity":"","overlay-gradient":""}},"ast-content-background-meta":{"desktop":{"background-color":"var(--ast-global-color-5)","background-image":"","background-repeat":"repeat","background-position":"center center","background-size":"auto","background-attachment":"scroll","background-type":"","background-media":"","overlay-type":"","overlay-color":"","overlay-opacity":"","overlay-gradient":""},"tablet":{"background-color":"var(--ast-global-color-5)","background-image":"","background-repeat":"repeat","background-position":"center center","background-size":"auto","background-attachment":"scroll","background-type":"","background-media":"","overlay-type":"","overlay-color":"","overlay-opacity":"","overlay-gradient":""},"mobile":{"background-color":"var(--ast-global-color-5)","background-image":"","background-repeat":"repeat","background-position":"center center","background-size":"auto","background-attachment":"scroll","background-type":"","background-media":"","overlay-type":"","overlay-color":"","overlay-opacity":"","overlay-gradient":""}},"footnotes":""},"class_list":["post-273","page","type-page","status-publish","hentry"],"_links":{"self":[{"href":"https:\/\/queenston.net\/fr\/wp-json\/wp\/v2\/pages\/273","targetHints":{"allow":["GET"]}}],"collection":[{"href":"https:\/\/queenston.net\/fr\/wp-json\/wp\/v2\/pages"}],"about":[{"href":"https:\/\/queenston.net\/fr\/wp-json\/wp\/v2\/types\/page"}],"author":[{"embeddable":true,"href":"https:\/\/queenston.net\/fr\/wp-json\/wp\/v2\/users\/2"}],"replies":[{"embeddable":true,"href":"https:\/\/queenston.net\/fr\/wp-json\/wp\/v2\/comments?post=273"}],"version-history":[{"count":0,"href":"https:\/\/queenston.net\/fr\/wp-json\/wp\/v2\/pages\/273\/revisions"}],"wp:attachment":[{"href":"https:\/\/queenston.net\/fr\/wp-json\/wp\/v2\/media?parent=273"}],"curies":[{"name":"wp","href":"https:\/\/api.w.org\/{rel}","templated":true}]}}